{"id":111,"date":"2014-03-01T21:44:57","date_gmt":"2014-03-01T19:44:57","guid":{"rendered":"http:\/\/www.bluebells.fi\/?page_id=111"},"modified":"2025-06-26T20:41:19","modified_gmt":"2025-06-26T17:41:19","slug":"belle","status":"publish","type":"page","link":"https:\/\/www.bluebells.fi\/?page_id=111","title":{"rendered":"Belle"},"content":{"rendered":"<p>Belle, Backseat Driver`s Bluebell hankittiin perheeseeme harrastuskoiraksi 2009. <a href=\"http:\/\/www.bluebells.fi\/wp-content\/uploads\/2012\/10\/PC270910.jpg\"><img loading=\"lazy\" decoding=\"async\" class=\"alignright size-medium wp-image-12\" title=\"Belle\" src=\"http:\/\/www.bluebells.fi\/wp-content\/uploads\/2012\/10\/PC270910-300x224.jpg\" alt=\"\" width=\"300\" height=\"224\" srcset=\"https:\/\/www.bluebells.fi\/wp-content\/uploads\/2012\/10\/PC270910-300x224.jpg 300w, https:\/\/www.bluebells.fi\/wp-content\/uploads\/2012\/10\/PC270910-1024x768.jpg 1024w, https:\/\/www.bluebells.fi\/wp-content\/uploads\/2012\/10\/PC270910-400x300.jpg 400w\" sizes=\"auto, (max-width: 300px) 100vw, 300px\" \/><\/a><\/p>\n<p>Belle on osoittautunut \u00e4lykk\u00e4\u00e4ksi seuralaiseksi ihan mihin tahansa tilaisuuteen. Agility on kuitenkin ehk\u00e4 mieluisin harrastus, jos mets\u00e4lenkkej\u00e4 ei huomioida.<\/p>\n<p>Bellen ensimm\u00e4inen suurpentue syntyi syksyll\u00e4 2012. Ensikertalaisina meill\u00e4 oli k\u00e4det t\u00e4ynn\u00e4 ty\u00f6t\u00e4 kahdeksan vilkkaan pennun kanssa. Bellen toinen pentue syntyi toukokuussa 2014 ja kolmas my\u00f6hemmin.<\/p>\n<p>Belle oli meid\u00e4n mielest\u00e4 ihan paras, \u00a0ja on meid\u00e4n perheen koirasuojelusenkeli.<\/p>\n","protected":false},"excerpt":{"rendered":"<p>Belle, Backseat Driver`s Bluebell hankittiin perheeseeme harrastuskoiraksi 2009. Belle on osoittautunut \u00e4lykk\u00e4\u00e4ksi seuralaiseksi ihan mihin tahansa tilaisuuteen. Agility on kuitenkin ehk\u00e4 mieluisin harrastus, jos mets\u00e4lenkkej\u00e4 ei huomioida. Bellen ensimm\u00e4inen suurpentue syntyi syksyll\u00e4 2012. Ensikertalaisina meill\u00e4 oli k\u00e4det t\u00e4ynn\u00e4 ty\u00f6t\u00e4 kahdeksan &hellip; <a href=\"https:\/\/www.bluebells.fi\/?page_id=111\">Lue loppuun <span class=\"meta-nav\">&rarr;<\/span><\/a><\/p>\n","protected":false},"author":2,"featured_media":0,"parent":0,"menu_order":2,"comment_status":"closed","ping_status":"closed","template":"","meta":{"footnotes":""},"class_list":["post-111","page","type-page","status-publish","hentry"],"_links":{"self":[{"href":"https:\/\/www.bluebells.fi\/index.php?rest_route=\/wp\/v2\/pages\/111","targetHints":{"allow":["GET"]}}],"collection":[{"href":"https:\/\/www.bluebells.fi\/index.php?rest_route=\/wp\/v2\/pages"}],"about":[{"href":"https:\/\/www.bluebells.fi\/index.php?rest_route=\/wp\/v2\/types\/page"}],"author":[{"embeddable":true,"href":"https:\/\/www.bluebells.fi\/index.php?rest_route=\/wp\/v2\/users\/2"}],"replies":[{"embeddable":true,"href":"https:\/\/www.bluebells.fi\/index.php?rest_route=%2Fwp%2Fv2%2Fcomments&post=111"}],"version-history":[{"count":11,"href":"https:\/\/www.bluebells.fi\/index.php?rest_route=\/wp\/v2\/pages\/111\/revisions"}],"predecessor-version":[{"id":493,"href":"https:\/\/www.bluebells.fi\/index.php?rest_route=\/wp\/v2\/pages\/111\/revisions\/493"}],"wp:attachment":[{"href":"https:\/\/www.bluebells.fi\/index.php?rest_route=%2Fwp%2Fv2%2Fmedia&parent=111"}],"curies":[{"name":"wp","href":"https:\/\/api.w.org\/{rel}","templated":true}]}}