{"id":117,"date":"2014-03-01T21:45:44","date_gmt":"2014-03-01T19:45:44","guid":{"rendered":"http:\/\/www.bluebells.fi\/?page_id=117"},"modified":"2018-02-18T15:41:38","modified_gmt":"2018-02-18T13:41:38","slug":"sissi","status":"publish","type":"page","link":"https:\/\/www.bluebells.fi\/?page_id=117","title":{"rendered":"Sissi"},"content":{"rendered":"<p><strong>Sissi on kes\u00e4n 2017 Suomen Muotovalio!<\/strong><\/p>\n<p>Sissi, Backseat Driver`s Bells Dior j\u00e4i my\u00f6s kotiin Bellen ensimm\u00e4isest\u00e4 pentueesta.\u00a0 <a href=\"http:\/\/www.bluebells.fi\/wp-content\/uploads\/2014\/03\/sissi-0220141.jpg\"><img loading=\"lazy\" decoding=\"async\" class=\"alignright size-medium wp-image-152\" title=\"sissi 022014\" src=\"http:\/\/www.bluebells.fi\/wp-content\/uploads\/2014\/03\/sissi-0220141-e1393707423324-300x263.jpg\" alt=\"\" width=\"300\" height=\"263\" srcset=\"https:\/\/www.bluebells.fi\/wp-content\/uploads\/2014\/03\/sissi-0220141-e1393707423324-300x263.jpg 300w, https:\/\/www.bluebells.fi\/wp-content\/uploads\/2014\/03\/sissi-0220141-e1393707423324.jpg 419w\" sizes=\"auto, (max-width: 300px) 100vw, 300px\" \/><\/a>Pentueeseen syntyi vain kaksi narttua ja Sissi oli niist\u00e4 toinen. Sissi oli syntyess\u00e4\u00e4 suurin, mutta lopulta j\u00e4i kooltaan kaikkein pienimm\u00e4ksi, ei kuitenkaan mielelt\u00e4\u00e4n :). Sissi jallittaa toisia perheen koiria mink\u00e4 kerke\u00e4\u00e4, se on oikein taitava nappaamaan herkkuluut ry\u00f6mim\u00e4ll\u00e4 ihan kylkeen kiinni ja varovasti hivuttaa herkun itselleen.<a href=\"https:\/\/www.bluebells.fi\/wp-content\/uploads\/2014\/03\/sissi-23072016.jpg\"><img loading=\"lazy\" decoding=\"async\" class=\"alignright size-medium wp-image-363\" src=\"https:\/\/www.bluebells.fi\/wp-content\/uploads\/2014\/03\/sissi-23072016-225x300.jpg\" alt=\"sissi 23072016\" width=\"225\" height=\"300\" srcset=\"https:\/\/www.bluebells.fi\/wp-content\/uploads\/2014\/03\/sissi-23072016-225x300.jpg 225w, https:\/\/www.bluebells.fi\/wp-content\/uploads\/2014\/03\/sissi-23072016-700x933.jpg 700w, https:\/\/www.bluebells.fi\/wp-content\/uploads\/2014\/03\/sissi-23072016-332x443.jpg 332w, https:\/\/www.bluebells.fi\/wp-content\/uploads\/2014\/03\/sissi-23072016.jpg 720w\" sizes=\"auto, (max-width: 225px) 100vw, 225px\" \/><\/a><\/p>\n<p>Sissi harrastaa my\u00f6s agility\u00e4 ja opettelee juuri esteit\u00e4 ja pient\u00e4 rataa ja samalla harjoittelee esiintym\u00e4\u00e4n n\u00e4yttelyss\u00e4 reippaana. Sissi onkin meid\u00e4n perheen &#8221;n\u00e4yttelyt\u00e4ht\u00f6nen&#8221;, ja kovasti toistaiseksi takkuuntuva turkki aiheuttaakin aika paljon kotity\u00f6t\u00e4.<\/p>\n<p>Sissi kennelliiton jalostustietoj\u00e4rjestelm\u00e4ss\u00e4:<\/p>\n<p><a href=\"http:\/\/jalostus.kennelliitto.fi\/frmKoira.aspx?RekNo=FI57218%2F12&amp;R=172.22\">http:\/\/jalostus.kennelliitto.fi\/frmKoira.aspx?RekNo=FI57218%2F12&amp;R=172.22<\/a><\/p>\n","protected":false},"excerpt":{"rendered":"<p>Sissi on kes\u00e4n 2017 Suomen Muotovalio! Sissi, Backseat Driver`s Bells Dior j\u00e4i my\u00f6s kotiin Bellen ensimm\u00e4isest\u00e4 pentueesta.\u00a0 Pentueeseen syntyi vain kaksi narttua ja Sissi oli niist\u00e4 toinen. Sissi oli syntyess\u00e4\u00e4 suurin, mutta lopulta j\u00e4i kooltaan kaikkein pienimm\u00e4ksi, ei kuitenkaan mielelt\u00e4\u00e4n &hellip; <a href=\"https:\/\/www.bluebells.fi\/?page_id=117\">Lue loppuun <span class=\"meta-nav\">&rarr;<\/span><\/a><\/p>\n","protected":false},"author":2,"featured_media":0,"parent":0,"menu_order":3,"comment_status":"closed","ping_status":"closed","template":"","meta":{"footnotes":""},"class_list":["post-117","page","type-page","status-publish","hentry"],"_links":{"self":[{"href":"https:\/\/www.bluebells.fi\/index.php?rest_route=\/wp\/v2\/pages\/117","targetHints":{"allow":["GET"]}}],"collection":[{"href":"https:\/\/www.bluebells.fi\/index.php?rest_route=\/wp\/v2\/pages"}],"about":[{"href":"https:\/\/www.bluebells.fi\/index.php?rest_route=\/wp\/v2\/types\/page"}],"author":[{"embeddable":true,"href":"https:\/\/www.bluebells.fi\/index.php?rest_route=\/wp\/v2\/users\/2"}],"replies":[{"embeddable":true,"href":"https:\/\/www.bluebells.fi\/index.php?rest_route=%2Fwp%2Fv2%2Fcomments&post=117"}],"version-history":[{"count":22,"href":"https:\/\/www.bluebells.fi\/index.php?rest_route=\/wp\/v2\/pages\/117\/revisions"}],"predecessor-version":[{"id":457,"href":"https:\/\/www.bluebells.fi\/index.php?rest_route=\/wp\/v2\/pages\/117\/revisions\/457"}],"wp:attachment":[{"href":"https:\/\/www.bluebells.fi\/index.php?rest_route=%2Fwp%2Fv2%2Fmedia&parent=117"}],"curies":[{"name":"wp","href":"https:\/\/api.w.org\/{rel}","templated":true}]}}