{"id":184,"date":"2014-04-10T10:15:24","date_gmt":"2014-04-10T07:15:24","guid":{"rendered":"http:\/\/www.bluebells.fi\/?page_id=184"},"modified":"2025-11-24T22:56:07","modified_gmt":"2025-11-24T20:56:07","slug":"184-2","status":"publish","type":"page","link":"https:\/\/www.bluebells.fi\/","title":{"rendered":"YLEIST\u00c4"},"content":{"rendered":"<p>Bluebells Tmi,<\/p>\n<p>&#8211; Bluebells Family -villakoirakotikennel<\/p>\n<p>&#8211; trimmausta villakoirille<\/p>\n<p>&#8211; joogan opetusta<\/p>\n<p>&#8211; kosmetologipalveluita<\/p>\n<p>&#8211; mindfullness-asiantuntemusta<\/p>\n<p>&#8211; akupunktioharjoitteluhoitoja<\/p>\n<p>&#8211; rakennusterveysasiantuntijapalvelu<\/p>\n<p>&#8211; rakennusten rakentaminen, suunnittelu, korjaustoiminta<\/p>\n<p>Mik\u00e4li haluat kysell\u00e4 lis\u00e4\u00e4 yhteystiedot ovat:<\/p>\n<address style=\"text-align: left;\">Sanna Simonen, RI, YAMK, RTA,\u00a0<\/address>\n<address>sanna@bluebells.fi<\/address>\n<p>&nbsp;<\/p>\n","protected":false},"excerpt":{"rendered":"<p>Bluebells Tmi, &#8211; Bluebells Family -villakoirakotikennel &#8211; trimmausta villakoirille &#8211; joogan opetusta &#8211; kosmetologipalveluita &#8211; mindfullness-asiantuntemusta &#8211; akupunktioharjoitteluhoitoja &#8211; rakennusterveysasiantuntijapalvelu &#8211; rakennusten rakentaminen, suunnittelu, korjaustoiminta Mik\u00e4li haluat kysell\u00e4 lis\u00e4\u00e4 yhteystiedot ovat: Sanna Simonen, RI, YAMK, RTA,\u00a0 sanna@bluebells.fi &nbsp;<\/p>\n","protected":false},"author":2,"featured_media":0,"parent":0,"menu_order":1,"comment_status":"closed","ping_status":"closed","template":"","meta":{"footnotes":""},"class_list":["post-184","page","type-page","status-publish","hentry"],"_links":{"self":[{"href":"https:\/\/www.bluebells.fi\/index.php?rest_route=\/wp\/v2\/pages\/184","targetHints":{"allow":["GET"]}}],"collection":[{"href":"https:\/\/www.bluebells.fi\/index.php?rest_route=\/wp\/v2\/pages"}],"about":[{"href":"https:\/\/www.bluebells.fi\/index.php?rest_route=\/wp\/v2\/types\/page"}],"author":[{"embeddable":true,"href":"https:\/\/www.bluebells.fi\/index.php?rest_route=\/wp\/v2\/users\/2"}],"replies":[{"embeddable":true,"href":"https:\/\/www.bluebells.fi\/index.php?rest_route=%2Fwp%2Fv2%2Fcomments&post=184"}],"version-history":[{"count":18,"href":"https:\/\/www.bluebells.fi\/index.php?rest_route=\/wp\/v2\/pages\/184\/revisions"}],"predecessor-version":[{"id":488,"href":"https:\/\/www.bluebells.fi\/index.php?rest_route=\/wp\/v2\/pages\/184\/revisions\/488"}],"wp:attachment":[{"href":"https:\/\/www.bluebells.fi\/index.php?rest_route=%2Fwp%2Fv2%2Fmedia&parent=184"}],"curies":[{"name":"wp","href":"https:\/\/api.w.org\/{rel}","templated":true}]}}