{"id":2,"date":"2012-10-21T16:52:28","date_gmt":"2012-10-21T16:52:28","guid":{"rendered":"http:\/\/c1-suncomet.com\/~luonnpiy\/www.bluebells.fi\/?page_id=2"},"modified":"2025-06-26T20:37:51","modified_gmt":"2025-06-26T17:37:51","slug":"esimerkkisivu","status":"publish","type":"page","link":"https:\/\/www.bluebells.fi\/?page_id=2","title":{"rendered":"Bellen ensimm\u00e4inen pentue"},"content":{"rendered":"\n<ul class=\"wp-block-list\">\n<li>&#8211; t\u00e4st\u00e4 se pieni kotikennel sai alkunsa..<\/li>\n<\/ul>\n\n\n<p><a href=\"http:\/\/www.bluebells.fi\/wp-content\/uploads\/2012\/10\/pentulaatikko-0411.jpg\"><img loading=\"lazy\" decoding=\"async\" class=\" wp-image-56\" title=\"Pentue\" src=\"http:\/\/www.bluebells.fi\/wp-content\/uploads\/2012\/10\/Pennut_301112-1024x768.jpg\" alt=\"\" width=\"584\" height=\"438\" \/><\/a><\/p>\n<p><strong>Pentujen<\/strong><\/p>\n<p>em\u00e4: &#8221;Belle&#8221; BACKSEAT DRIVER&#8217;S BLUEBELL\u00a0\u00a0\u00a0\u00a0\u00a0\u00a0\u00a0\u00a0 \u00a0 \u00a0 \u00a0 \u00a0 \u00a0 \u00a0 \u00a0 \u00a0 \u00a0 <a href=\"http:\/\/jalostus.kennelliitto.fi\/frmKoira.aspx?RekNo=FI46882%2F09&amp;R=172.22\"> \u00a0<\/a><\/p>\n<p><a href=\"http:\/\/jalostus.kennelliitto.fi\/frmKoira.aspx?RekNo=FI46882%2F09&amp;R=172.22\"> http:\/\/jalostus.kennelliitto.fi\/frmKoira.aspx?RekNo=FI46882%2F09&amp;R=172.22<\/a><\/p>\n<p>is\u00e4: &#8221;Vixi&#8221; VICSECRETCOMPLIMENT SIDABRINE KULKA<small>\u00a0\u00a0\u00a0\u00a0\u00a0\u00a0\u00a0\u00a0\u00a0\u00a0\u00a0\u00a0\u00a0\u00a0\u00a0\u00a0\u00a0\u00a0\u00a0\u00a0\u00a0\u00a0\u00a0\u00a0\u00a0\u00a0\u00a0\u00a0\u00a0\u00a0\u00a0\u00a0\u00a0\u00a0\u00a0\u00a0\u00a0\u00a0\u00a0\u00a0\u00a0\u00a0\u00a0\u00a0<\/small><\/p>\n<p><small> C.I.B FIN MVA SE MVA EE MVA LV MVA LT MVA BALT MVA LTV-09\u00a0\u00a0 <\/small><\/p>\n<p><a href=\"http:\/\/jalostus.kennelliitto.fi\/frmKoira.aspx?RekNo=FIN10399\/05&amp;R=172.22\">http:\/\/jalostus.kennelliitto.fi\/frmKoira.aspx?RekNo=FIN10399\/05&amp;R=172.22<\/a><\/p>\n<div id=\"attachment_57\" style=\"width: 283px\" class=\"wp-caption aligncenter\"><a href=\"http:\/\/www.bluebells.fi\/wp-content\/uploads\/2012\/10\/vixiswe.jpg\"><img loading=\"lazy\" decoding=\"async\" aria-describedby=\"caption-attachment-57\" class=\" wp-image-57\" title=\"Vixi\" src=\"http:\/\/www.bluebells.fi\/wp-content\/uploads\/2012\/10\/vixiswe.jpg\" alt=\"\" width=\"273\" height=\"365\" srcset=\"https:\/\/www.bluebells.fi\/wp-content\/uploads\/2012\/10\/vixiswe.jpg 478w, https:\/\/www.bluebells.fi\/wp-content\/uploads\/2012\/10\/vixiswe-224x300.jpg 224w\" sizes=\"auto, (max-width: 273px) 100vw, 273px\" \/><\/a><p id=\"caption-attachment-57\" class=\"wp-caption-text\">Vixi<\/p><\/div>\n<p>l\u00f6ytyv\u00e4t linkeist\u00e4 kennelliiton jalostustietokannasta.<\/p>\n<p>Em\u00e4n is\u00e4 l\u00f6ytyy linkist\u00e4 aukeavilsta kuvista kolmannesta rivist\u00e4 <span style=\"font-family: Arial,Helvetica,Sans-Serif;\">Multi-CH Aery&#8217;s Praetorian<\/span><a href=\"http:\/\/www.crecendo.dk\/\"> http:\/\/www.crecendo.dk\/<\/a><\/p>","protected":false},"excerpt":{"rendered":"<p>Pentujen em\u00e4: &#8221;Belle&#8221; BACKSEAT DRIVER&#8217;S BLUEBELL\u00a0\u00a0\u00a0\u00a0\u00a0\u00a0\u00a0\u00a0 \u00a0 \u00a0 \u00a0 \u00a0 \u00a0 \u00a0 \u00a0 \u00a0 \u00a0 \u00a0 http:\/\/jalostus.kennelliitto.fi\/frmKoira.aspx?RekNo=FI46882%2F09&amp;R=172.22 is\u00e4: &#8221;Vixi&#8221; VICSECRETCOMPLIMENT SIDABRINE KULKA\u00a0\u00a0\u00a0\u00a0\u00a0\u00a0\u00a0\u00a0\u00a0\u00a0\u00a0\u00a0\u00a0\u00a0\u00a0\u00a0\u00a0\u00a0\u00a0\u00a0\u00a0\u00a0\u00a0\u00a0\u00a0\u00a0\u00a0\u00a0\u00a0\u00a0\u00a0\u00a0\u00a0\u00a0\u00a0\u00a0\u00a0\u00a0\u00a0\u00a0\u00a0\u00a0\u00a0\u00a0 C.I.B FIN MVA SE MVA EE MVA LV MVA LT MVA BALT MVA LTV-09\u00a0\u00a0 http:\/\/jalostus.kennelliitto.fi\/frmKoira.aspx?RekNo=FIN10399\/05&amp;R=172.22 l\u00f6ytyv\u00e4t linkeist\u00e4 kennelliiton &hellip; <a href=\"https:\/\/www.bluebells.fi\/?page_id=2\">Lue loppuun <span class=\"meta-nav\">&rarr;<\/span><\/a><\/p>\n","protected":false},"author":1,"featured_media":0,"parent":111,"menu_order":0,"comment_status":"open","ping_status":"open","template":"","meta":{"footnotes":""},"class_list":["post-2","page","type-page","status-publish","hentry"],"_links":{"self":[{"href":"https:\/\/www.bluebells.fi\/index.php?rest_route=\/wp\/v2\/pages\/2","targetHints":{"allow":["GET"]}}],"collection":[{"href":"https:\/\/www.bluebells.fi\/index.php?rest_route=\/wp\/v2\/pages"}],"about":[{"href":"https:\/\/www.bluebells.fi\/index.php?rest_route=\/wp\/v2\/types\/page"}],"author":[{"embeddable":true,"href":"https:\/\/www.bluebells.fi\/index.php?rest_route=\/wp\/v2\/users\/1"}],"replies":[{"embeddable":true,"href":"https:\/\/www.bluebells.fi\/index.php?rest_route=%2Fwp%2Fv2%2Fcomments&post=2"}],"version-history":[{"count":32,"href":"https:\/\/www.bluebells.fi\/index.php?rest_route=\/wp\/v2\/pages\/2\/revisions"}],"predecessor-version":[{"id":479,"href":"https:\/\/www.bluebells.fi\/index.php?rest_route=\/wp\/v2\/pages\/2\/revisions\/479"}],"up":[{"embeddable":true,"href":"https:\/\/www.bluebells.fi\/index.php?rest_route=\/wp\/v2\/pages\/111"}],"wp:attachment":[{"href":"https:\/\/www.bluebells.fi\/index.php?rest_route=%2Fwp%2Fv2%2Fmedia&parent=2"}],"curies":[{"name":"wp","href":"https:\/\/api.w.org\/{rel}","templated":true}]}}